{"id":218,"date":"2025-06-23T22:58:33","date_gmt":"2025-06-23T22:58:33","guid":{"rendered":"http:\/\/wiratrips.com\/about\/"},"modified":"2026-01-18T13:01:12","modified_gmt":"2026-01-18T18:01:12","slug":"about","status":"publish","type":"page","link":"https:\/\/wiratrips.com\/en\/about\/","title":{"rendered":"About Us"},"content":{"rendered":"<div class=\"wp-block-uagb-container uagb-block-f6474934 alignfull uagb-is-root-container\">\n<div class=\"wp-block-uagb-image aligncenter uagb-block-d7ae9c06 wp-block-uagb-image--layout-default wp-block-uagb-image--effect-static wp-block-uagb-image--align-center\"><figure class=\"wp-block-uagb-image__figure\"><img loading=\"lazy\" decoding=\"async\" srcset=\"https:\/\/wiratrips.com\/wp-content\/uploads\/2025\/07\/Wiratrips-logo-png-blanco.webp ,https:\/\/wiratrips.com\/wp-content\/uploads\/2025\/07\/Wiratrips-logo-png-blanco.webp 780w, https:\/\/wiratrips.com\/wp-content\/uploads\/2025\/07\/Wiratrips-logo-png-blanco.webp 360w\" sizes=\"auto, (max-width: 480px) 150px\" src=\"https:\/\/wiratrips.com\/wp-content\/uploads\/2025\/07\/Wiratrips-logo-png-blanco.webp\" alt=\"\" class=\"uag-image-2051\" width=\"120\" height=\"120\" title=\"Wiratrips-logo-png-blanco\" role=\"img\"\/><\/figure><\/div>\n\n\n\n<div class=\"wp-block-uagb-advanced-heading uagb-block-b47deef7\"><h1 class=\"uagb-heading-text\">About WiraTrips<\/h1><\/div>\n<\/div>\n\n\n\n<div class=\"wp-block-uagb-container uagb-block-8e600c65 alignfull uagb-is-root-container\"><div class=\"uagb-container-inner-blocks-wrap\">\n<div class=\"wp-block-uagb-container uagb-block-c3fae39a\">\n<div class=\"wp-block-uagb-advanced-heading uagb-block-7d9c3655\"><h2 class=\"uagb-heading-text\">WIRATRIPS <strong>was born out of a<\/strong> REAL NEED<\/h2><\/div>\n\n\n\n<div class=\"wp-block-uagb-image uagb-block-ac41be84 wp-block-uagb-image--layout-default wp-block-uagb-image--effect-static wp-block-uagb-image--align-none\"><figure class=\"wp-block-uagb-image__figure\"><img decoding=\"async\" srcset=\"https:\/\/wiratrips.com\/wp-content\/uploads\/2025\/06\/cropped-Wiratrips-logo-png-1.webp ,https:\/\/wiratrips.com\/wp-content\/uploads\/2025\/06\/cropped-Wiratrips-logo-png-1.webp 780w, https:\/\/wiratrips.com\/wp-content\/uploads\/2025\/06\/cropped-Wiratrips-logo-png-1.webp 360w\" sizes=\"auto, (max-width: 480px) 150px\" src=\"https:\/\/wiratrips.com\/wp-content\/uploads\/2025\/06\/cropped-Wiratrips-logo-png-1.webp\" alt=\"icono wiratrips\" class=\"uag-image-1634\" width=\"329\" height=\"329\" title=\"Wiratrips-logo-png\" loading=\"lazy\" role=\"img\"\/><\/figure><\/div>\n<\/div>\n\n\n\n<div class=\"wp-block-uagb-container uagb-block-790d79d5\">\n<div class=\"wp-block-uagb-info-box uagb-block-0ef86749 uagb-infobox__content-wrap  uagb-infobox-icon-above-title uagb-infobox-image-valign-top\"><div class=\"uagb-ifb-content\"><div class=\"uagb-ifb-title-wrap\"><span class=\"uagb-ifb-title-prefix\"><strong>Many tourists\u2014nationals, foreigners, and even locals\u2014who visit Cusco feel overwhelmed by the lack of clear information and transparent pricing, as well as the difficulty of finding authentic experiences beyond the traditional tourist circuit.<\/strong><\/span><\/div><p class=\"uagb-ifb-desc\">I decided to create this platform because:<\/p><\/div><\/div>\n\n\n\n<ul style=\"padding-left:var(--wp--preset--spacing--50)\" class=\"wp-block-list has-ast-global-color-2-color has-text-color has-link-color wp-elements-65c8bf88e0d8987831c4f2594a089933\">\n<li>I want to help travelers plan their trips to Cusco more easily and confidently.<\/li>\n\n\n\n<li>My goal is to empower responsible local agencies and ventures by giving them visibility in front of an interested audience.<\/li>\n\n\n\n<li>I love our land, and I want visitors to take away more than just photos; I want them to take away valuable cultural and human memories, too.<\/li>\n<\/ul>\n\n\n\n<div class=\"wp-block-uagb-info-box uagb-block-d76c11f6 uagb-infobox__content-wrap  uagb-infobox-icon-above-title uagb-infobox-image-valign-top\"><div class=\"uagb-ifb-content\"><div class=\"uagb-ifb-title-wrap\"><\/div><p class=\"uagb-ifb-desc\">WiraTrips is a website designed for those who want to experience the authentic side of Cusco without spending too much and without missing out on the typical tourist attractions.<\/p><\/div><\/div>\n\n\n\n<div class=\"wp-block-uagb-advanced-heading uagb-block-930e46bc\"><h3 class=\"uagb-heading-text\">Cebonce<\/h3><\/div>\n<\/div>\n<\/div><\/div>\n\n\n\n<div class=\"wp-block-uagb-container uagb-layout-flex uagb-block-e28cfc75 alignfull uagb-is-root-container\">\n<div class=\"wp-block-uagb-advanced-heading uagb-block-eda63079\"><h2 class=\"uagb-heading-text\">Mission<\/h2><p class=\"uagb-desc-text\">Our mission is to facilitate trips to Cusco by providing clear information, practical guides, and cultural and gastronomic recommendations all in one place. Our mission is to ensure that every visitor makes the most of their experience by avoiding scams, optimizing their time, and accessing the best that the region has to offer.<\/p><\/div>\n\n\n\n<div class=\"wp-block-uagb-advanced-heading uagb-block-85427a9f\"><h2 class=\"uagb-heading-text\">Vision<\/h2><p class=\"uagb-desc-text\">Our goal is to be the most reliable and useful tourism platform for discovering Cusco. We aim to connect travelers with authentic, accessible, and enriching experiences while promoting responsible tourism and local development.<\/p><\/div>\n<\/div>\n\n\n\n<div class=\"wp-block-uagb-container uagb-block-ae65ab77 alignfull uagb-is-root-container\">\n<div class=\"wp-block-uagb-info-box uagb-block-1e414f08 uagb-infobox__content-wrap  uagb-infobox-icon-above-title uagb-infobox-image-valign-top\"><div class=\"uagb-ifb-content\"><div class=\"uagb-ifb-title-wrap\"><\/div><p class=\"uagb-ifb-desc\">You will be able to find out if Cusco is in <strong>dry season<\/strong> (April to October) or <strong>rainy season<\/strong> (November to March) by the change in the front pages in each section of the website.<\/p><\/div><\/div>\n<\/div>\n\n\n\t\t\t\t\t<div\n\t\t\t\t\t\tclass=\"wp-block-uagb-image-gallery uagb-block-7d6e3e95\"\n\t\t\t\t\t\tstyle=\"\"\n\t\t\t\t\t>\n\t\t\t\t\t\t\t\t\t\t\t<div class=\"spectra-image-gallery spectra-image-gallery__layout--carousel\">\n\t\t\t\t\t\t\t\t<div class=\"uagb-slick-carousel uagb-block-7d6e3e95\">\n\t\t\t\t\t\t\t\t\t\t\t\t<div class='spectra-image-gallery__media-wrapper' data-spectra-gallery-image-id='1626'>\n\t\t\t\t\t\t\t<div class=\"spectra-image-gallery__media spectra-image-gallery__media--carousel\">\n\t\t\t\t<picture>\n\t\t\t\t\t<source media=\"(min-width: 1024px)\" srcset=\"https:\/\/wiratrips.com\/wp-content\/uploads\/2025\/06\/Wiratrips-port.webp\">\n\t\t\t\t\t<source media=\"(min-width: 768px)\" srcset=\"https:\/\/wiratrips.com\/wp-content\/uploads\/2025\/06\/Wiratrips-port-1024x683.webp\">\n\t\t\t\t\t<img decoding=\"async\" class=\"spectra-image-gallery__media-thumbnail spectra-image-gallery__media-thumbnail--carousel\" src=\"https:\/\/wiratrips.com\/wp-content\/uploads\/2025\/06\/Wiratrips-port-300x200.webp\" alt=\"Portada web wiratrips principal y que refleja la temporada seca\" \/>\n\t\t\t\t<\/picture>\n\t\t\t\t<div class=\"spectra-image-gallery__media-thumbnail-blurrer\"><\/div>\n\t\t\t\t\t\t\t\t\t\t\t<div class=\"spectra-image-gallery__media-thumbnail-caption-wrapper spectra-image-gallery__media-thumbnail-caption-wrapper--overlay\"><\/div>\n\t\t\t\t\t\t\t\t<\/div>\n\t\t\t\t\t\t<\/div>\n\t\t\t\t\t\t<div class='spectra-image-gallery__media-wrapper' data-spectra-gallery-image-id='2320'>\n\t\t\t\t\t\t\t<div class=\"spectra-image-gallery__media spectra-image-gallery__media--carousel\">\n\t\t\t\t<picture>\n\t\t\t\t\t<source media=\"(min-width: 1024px)\" srcset=\"https:\/\/wiratrips.com\/wp-content\/uploads\/2025\/07\/Wiratrips-port-temporada-lluvia.png\">\n\t\t\t\t\t<source media=\"(min-width: 768px)\" srcset=\"https:\/\/wiratrips.com\/wp-content\/uploads\/2025\/07\/Wiratrips-port-temporada-lluvia-1024x683.png\">\n\t\t\t\t\t<img decoding=\"async\" class=\"spectra-image-gallery__media-thumbnail spectra-image-gallery__media-thumbnail--carousel\" src=\"https:\/\/wiratrips.com\/wp-content\/uploads\/2025\/07\/Wiratrips-port-temporada-lluvia-300x200.png\" alt=\"portada wiratrips temporada de lluvia\" \/>\n\t\t\t\t<\/picture>\n\t\t\t\t<div class=\"spectra-image-gallery__media-thumbnail-blurrer\"><\/div>\n\t\t\t\t\t\t\t\t\t\t\t<div class=\"spectra-image-gallery__media-thumbnail-caption-wrapper spectra-image-gallery__media-thumbnail-caption-wrapper--overlay\"><\/div>\n\t\t\t\t\t\t\t\t<\/div>\n\t\t\t\t\t\t<\/div>\n\t\t\t\t\t\t\t\t\t\t\t<\/div>\n\t\t\t\t\t\t\t<\/div>\n\t\t\t\t\t\t\t\t\t\t\t<\/div>","protected":false},"excerpt":{"rendered":"<p>Conoce WiraTrips WIRATRIPS naci\u00f3 de una NECESIDAD REAL Cebonce Misi\u00f3n Facilitar el viaje a Cusco brindando informaci\u00f3n clara, gu\u00edas pr\u00e1cticas, [&hellip;]<\/p>\n","protected":false},"author":1,"featured_media":0,"parent":0,"menu_order":0,"comment_status":"closed","ping_status":"closed","template":"","meta":{"_uag_custom_page_level_css":"","site-sidebar-layout":"no-sidebar","site-content-layout":"plain-container","ast-site-content-layout":"full-width-container","site-content-style":"unboxed","site-sidebar-style":"unboxed","ast-global-header-display":"","ast-banner-title-visibility":"","ast-main-header-display":"","ast-hfb-above-header-display":"","ast-hfb-below-header-display":"","ast-hfb-mobile-header-display":"","site-post-title":"disabled","ast-breadcrumbs-content":"","ast-featured-img":"disabled","footer-sml-layout":"","ast-disable-related-posts":"","theme-transparent-header-meta":"enabled","adv-header-id-meta":"","stick-header-meta":"","header-above-stick-meta":"","header-main-stick-meta":"","header-below-stick-meta":"","astra-migrate-meta-layouts":"set","ast-page-background-enabled":"default","ast-page-background-meta":{"desktop":{"background-color":"","background-image":"","background-repeat":"repeat","background-position":"center center","background-size":"auto","background-attachment":"scroll","background-type":"","background-media":"","overlay-type":"","overlay-color":"","overlay-opacity":"","overlay-gradient":""},"tablet":{"background-color":"","background-image":"","background-repeat":"repeat","background-position":"center center","background-size":"auto","background-attachment":"scroll","background-type":"","background-media":"","overlay-type":"","overlay-color":"","overlay-opacity":"","overlay-gradient":""},"mobile":{"background-color":"","background-image":"","background-repeat":"repeat","background-position":"center center","background-size":"auto","background-attachment":"scroll","background-type":"","background-media":"","overlay-type":"","overlay-color":"","overlay-opacity":"","overlay-gradient":""}},"ast-content-background-meta":{"desktop":{"background-color":"var(--ast-global-color-5)","background-image":"","background-repeat":"repeat","background-position":"center center","background-size":"auto","background-attachment":"scroll","background-type":"","background-media":"","overlay-type":"","overlay-color":"","overlay-opacity":"","overlay-gradient":""},"tablet":{"background-color":"var(--ast-global-color-5)","background-image":"","background-repeat":"repeat","background-position":"center center","background-size":"auto","background-attachment":"scroll","background-type":"","background-media":"","overlay-type":"","overlay-color":"","overlay-opacity":"","overlay-gradient":""},"mobile":{"background-color":"var(--ast-global-color-5)","background-image":"","background-repeat":"repeat","background-position":"center center","background-size":"auto","background-attachment":"scroll","background-type":"","background-media":"","overlay-type":"","overlay-color":"","overlay-opacity":"","overlay-gradient":""}},"footnotes":""},"class_list":["post-218","page","type-page","status-publish","hentry"],"aioseo_notices":[],"uagb_featured_image_src":{"full":false,"thumbnail":false,"medium":false,"medium_large":false,"large":false,"1536x1536":false,"2048x2048":false,"trp-custom-language-flag":false},"uagb_author_info":{"display_name":"wiratrips@gmail.com","author_link":"https:\/\/wiratrips.com\/en\/author\/wiratripsgmail-com\/"},"uagb_comment_info":0,"uagb_excerpt":"Conoce WiraTrips WIRATRIPS naci\u00f3 de una NECESIDAD REAL Cebonce Misi\u00f3n Facilitar el viaje a Cusco brindando informaci\u00f3n clara, gu\u00edas pr\u00e1cticas, [&hellip;]","_links":{"self":[{"href":"https:\/\/wiratrips.com\/en\/wp-json\/wp\/v2\/pages\/218","targetHints":{"allow":["GET"]}}],"collection":[{"href":"https:\/\/wiratrips.com\/en\/wp-json\/wp\/v2\/pages"}],"about":[{"href":"https:\/\/wiratrips.com\/en\/wp-json\/wp\/v2\/types\/page"}],"author":[{"embeddable":true,"href":"https:\/\/wiratrips.com\/en\/wp-json\/wp\/v2\/users\/1"}],"replies":[{"embeddable":true,"href":"https:\/\/wiratrips.com\/en\/wp-json\/wp\/v2\/comments?post=218"}],"version-history":[{"count":16,"href":"https:\/\/wiratrips.com\/en\/wp-json\/wp\/v2\/pages\/218\/revisions"}],"predecessor-version":[{"id":3465,"href":"https:\/\/wiratrips.com\/en\/wp-json\/wp\/v2\/pages\/218\/revisions\/3465"}],"wp:attachment":[{"href":"https:\/\/wiratrips.com\/en\/wp-json\/wp\/v2\/media?parent=218"}],"curies":[{"name":"wp","href":"https:\/\/api.w.org\/{rel}","templated":true}]}}