{"id":1792,"date":"2025-06-28T01:28:24","date_gmt":"2025-06-28T01:28:24","guid":{"rendered":"https:\/\/wiratrips.com\/?page_id=1792"},"modified":"2026-02-02T16:57:19","modified_gmt":"2026-02-02T21:57:19","slug":"suscripcion-a-wiratrips","status":"publish","type":"page","link":"https:\/\/wiratrips.com\/en\/suscripcion-a-wiratrips\/","title":{"rendered":"WiraTrips Subscription"},"content":{"rendered":"\n<div class=\"wp-block-uagb-container uagb-block-2f179a9d alignfull uagb-is-root-container\">\n<div class=\"wp-block-uagb-advanced-heading uagb-block-b63e11bc\"><h1 class=\"uagb-heading-text\">Suscripci\u00f3n a Chaskiletter<\/h1><\/div>\n<\/div>\n\n\n\n<p class=\"has-text-align-left has-ast-global-color-5-background-color has-background\" style=\"margin-top:var(--wp--preset--spacing--40);margin-right:0;margin-bottom:var(--wp--preset--spacing--40);margin-left:0;padding-right:var(--wp--preset--spacing--80);padding-left:var(--wp--preset--spacing--80);font-size:17px\">Suscr\u00edbete a Chaskiletter para que puedas recibir las novedades de WiraTrips: consejos, descubrimientos, actividades y dem\u00e1s cosas que te ofrece la ciudad del Cusco.<\/p>\n\n\n\n<div class=\"wp-block-uagb-container uagb-block-65cb5646 alignwide uagb-is-root-container\">\n<div class=\"wp-block-uagb-container uagb-block-02bb2045\"><div class=\"wpforms-container wpforms-render-modern\" id=\"wpforms-1749\"><form id=\"wpforms-form-1749\" class=\"wpforms-validate wpforms-form wpforms-ajax-form\" data-formid=\"1749\" method=\"post\" enctype=\"multipart\/form-data\" action=\"\/en\/wp-json\/wp\/v2\/pages\/1792\" data-token=\"570ae736c6c3a9b3c658e6e96873e64c\" data-token-time=\"1776091731\"><noscript class=\"wpforms-error-noscript\">Please enable JavaScript in your browser to complete this form.<\/noscript><div id=\"wpforms-error-noscript\" style=\"display: none;\">Please enable JavaScript in your browser to complete this form.<\/div><div class=\"wpforms-field-container\"><div id=\"wpforms-1749-field_3-container\" class=\"wpforms-field wpforms-field-name\" data-field-id=\"3\"><label class=\"wpforms-field-label\" for=\"wpforms-1749-field_3\">Primer Nombre <span class=\"wpforms-required-label\" aria-hidden=\"true\">*<\/span><\/label><input type=\"text\" id=\"wpforms-1749-field_3\" class=\"wpforms-field-large wpforms-field-required\" name=\"wpforms[fields][3]\" placeholder=\"Equeco\" aria-errormessage=\"wpforms-1749-field_3-error\" required><\/div><div id=\"wpforms-1749-field_1-container\" class=\"wpforms-field wpforms-field-email\" data-field-id=\"1\"><label class=\"wpforms-field-label\" for=\"wpforms-1749-field_1\">Email <span class=\"wpforms-required-label\" aria-hidden=\"true\">*<\/span><\/label><input type=\"email\" id=\"wpforms-1749-field_1\" class=\"wpforms-field-large wpforms-field-required\" name=\"wpforms[fields][1]\" placeholder=\"equeco@email.com\" spellcheck=\"false\" aria-errormessage=\"wpforms-1749-field_1-error\" required><\/div>\t\t<div id=\"wpforms-1749-field_4-container\"\n\t\t\tclass=\"wpforms-field wpforms-field-text\"\n\t\t\tdata-field-type=\"text\"\n\t\t\tdata-field-id=\"4\"\n\t\t\t>\n\t\t\t<label class=\"wpforms-field-label\" for=\"wpforms-1749-field_4\" >Idioma Primer Email<\/label>\n\t\t\t<input type=\"text\" id=\"wpforms-1749-field_4\" class=\"wpforms-field-medium\" name=\"wpforms[fields][4]\" >\n\t\t<\/div>\n\t\t<div id=\"wpforms-1749-field_2-container\" class=\"wpforms-field wpforms-field-select wpforms-field-select-style-modern\" data-field-id=\"2\"><label class=\"wpforms-field-label\" for=\"wpforms-1749-field_2\">Idioma <span class=\"wpforms-required-label\" aria-hidden=\"true\">*<\/span><\/label><select id=\"wpforms-1749-field_2\" class=\"wpforms-field-large wpforms-field-required choicesjs-select\" data-size-class=\"wpforms-field-row wpforms-field-large\" data-search-enabled=\"\" name=\"wpforms[fields][2]\" required=\"required\"><option value=\"\" class=\"placeholder\" disabled  selected='selected'>Escoge tu idioma<\/option><option value=\"Espa\u00f1ol\"  class=\"choice-1 depth-1\"  >Espa\u00f1ol<\/option><option value=\"Ingl\u00e9s\"  class=\"choice-2 depth-1\"  >Ingl\u00e9s<\/option><\/select><\/div><script>\n\t\t\t\t( function() {\n\t\t\t\t\tconst style = document.createElement( 'style' );\n\t\t\t\t\tstyle.appendChild( document.createTextNode( '#wpforms-1749-field_4-container { position: absolute !important; overflow: hidden !important; display: inline !important; height: 1px !important; width: 1px !important; z-index: -1000 !important; padding: 0 !important; } #wpforms-1749-field_4-container input { visibility: hidden; } #wpforms-conversational-form-page #wpforms-1749-field_4-container label { counter-increment: none; }' ) );\n\t\t\t\t\tdocument.head.appendChild( style );\n\t\t\t\t\tdocument.currentScript?.remove();\n\t\t\t\t} )();\n\t\t\t<\/script><\/div><!-- .wpforms-field-container --><div class=\"wpforms-recaptcha-container wpforms-is-recaptcha wpforms-is-recaptcha-type-v3\" ><input type=\"hidden\" name=\"wpforms[recaptcha]\" value=\"\"><\/div><div class=\"wpforms-submit-container\" ><input type=\"hidden\" name=\"wpforms[id]\" value=\"1749\"><input type=\"hidden\" name=\"page_title\" value=\"\"><input type=\"hidden\" name=\"page_url\" value=\"https:\/\/wiratrips.com\/en\/wp-json\/wp\/v2\/pages\/1792\"><input type=\"hidden\" name=\"url_referer\" value=\"\"><button type=\"submit\" name=\"wpforms[submit]\" id=\"wpforms-submit-1749\" class=\"wpforms-submit\" data-alt-text=\"Enviando...\" data-submit-text=\"Suscribirse\" aria-live=\"assertive\" value=\"wpforms-submit\">Suscribirse<\/button><img loading=\"lazy\" decoding=\"async\" src=\"https:\/\/wiratrips.com\/wp-content\/plugins\/wpforms-lite\/assets\/images\/submit-spin.svg\" class=\"wpforms-submit-spinner\" style=\"display: none;\" width=\"26\" height=\"26\" alt=\"Loading\"><\/div><\/form><\/div>  <!-- .wpforms-container -->\n<\/div>\n<\/div>\n","protected":false},"excerpt":{"rendered":"<p>Suscripci\u00f3n a Chaskiletter Suscr\u00edbete a Chaskiletter para que puedas recibir las novedades de WiraTrips: consejos, descubrimientos, actividades y dem\u00e1s cosas [&hellip;]<\/p>\n","protected":false},"author":1,"featured_media":0,"parent":0,"menu_order":0,"comment_status":"closed","ping_status":"closed","template":"","meta":{"_uag_custom_page_level_css":"","site-sidebar-layout":"default","site-content-layout":"","ast-site-content-layout":"default","site-content-style":"default","site-sidebar-style":"default","ast-global-header-display":"","ast-banner-title-visibility":"","ast-main-header-display":"","ast-hfb-above-header-display":"","ast-hfb-below-header-display":"","ast-hfb-mobile-header-display":"","site-post-title":"disabled","ast-breadcrumbs-content":"","ast-featured-img":"","footer-sml-layout":"","ast-disable-related-posts":"","theme-transparent-header-meta":"","adv-header-id-meta":"","stick-header-meta":"","header-above-stick-meta":"","header-main-stick-meta":"","header-below-stick-meta":"","astra-migrate-meta-layouts":"set","ast-page-background-enabled":"default","ast-page-background-meta":{"desktop":{"background-color":"","background-image":"","background-repeat":"repeat","background-position":"center center","background-size":"auto","background-attachment":"scroll","background-type":"","background-media":"","overlay-type":"","overlay-color":"","overlay-opacity":"","overlay-gradient":""},"tablet":{"background-color":"","background-image":"","background-repeat":"repeat","background-position":"center center","background-size":"auto","background-attachment":"scroll","background-type":"","background-media":"","overlay-type":"","overlay-color":"","overlay-opacity":"","overlay-gradient":""},"mobile":{"background-color":"","background-image":"","background-repeat":"repeat","background-position":"center center","background-size":"auto","background-attachment":"scroll","background-type":"","background-media":"","overlay-type":"","overlay-color":"","overlay-opacity":"","overlay-gradient":""}},"ast-content-background-meta":{"desktop":{"background-color":"var(--ast-global-color-5)","background-image":"","background-repeat":"repeat","background-position":"center center","background-size":"auto","background-attachment":"scroll","background-type":"","background-media":"","overlay-type":"","overlay-color":"","overlay-opacity":"","overlay-gradient":""},"tablet":{"background-color":"var(--ast-global-color-5)","background-image":"","background-repeat":"repeat","background-position":"center center","background-size":"auto","background-attachment":"scroll","background-type":"","background-media":"","overlay-type":"","overlay-color":"","overlay-opacity":"","overlay-gradient":""},"mobile":{"background-color":"var(--ast-global-color-5)","background-image":"","background-repeat":"repeat","background-position":"center center","background-size":"auto","background-attachment":"scroll","background-type":"","background-media":"","overlay-type":"","overlay-color":"","overlay-opacity":"","overlay-gradient":""}},"footnotes":""},"class_list":["post-1792","page","type-page","status-publish","hentry"],"aioseo_notices":[],"uagb_featured_image_src":{"full":false,"thumbnail":false,"medium":false,"medium_large":false,"large":false,"1536x1536":false,"2048x2048":false,"trp-custom-language-flag":false},"uagb_author_info":{"display_name":"wiratrips@gmail.com","author_link":"https:\/\/wiratrips.com\/en\/author\/wiratripsgmail-com\/"},"uagb_comment_info":0,"uagb_excerpt":"Suscripci\u00f3n a Chaskiletter Suscr\u00edbete a Chaskiletter para que puedas recibir las novedades de WiraTrips: consejos, descubrimientos, actividades y dem\u00e1s cosas [&hellip;]","_links":{"self":[{"href":"https:\/\/wiratrips.com\/en\/wp-json\/wp\/v2\/pages\/1792","targetHints":{"allow":["GET"]}}],"collection":[{"href":"https:\/\/wiratrips.com\/en\/wp-json\/wp\/v2\/pages"}],"about":[{"href":"https:\/\/wiratrips.com\/en\/wp-json\/wp\/v2\/types\/page"}],"author":[{"embeddable":true,"href":"https:\/\/wiratrips.com\/en\/wp-json\/wp\/v2\/users\/1"}],"replies":[{"embeddable":true,"href":"https:\/\/wiratrips.com\/en\/wp-json\/wp\/v2\/comments?post=1792"}],"version-history":[{"count":20,"href":"https:\/\/wiratrips.com\/en\/wp-json\/wp\/v2\/pages\/1792\/revisions"}],"predecessor-version":[{"id":3630,"href":"https:\/\/wiratrips.com\/en\/wp-json\/wp\/v2\/pages\/1792\/revisions\/3630"}],"wp:attachment":[{"href":"https:\/\/wiratrips.com\/en\/wp-json\/wp\/v2\/media?parent=1792"}],"curies":[{"name":"wp","href":"https:\/\/api.w.org\/{rel}","templated":true}]}}