{"id":1762,"date":"2025-06-28T17:55:15","date_gmt":"2025-06-28T17:55:15","guid":{"rendered":"https:\/\/wiratrips.com\/?page_id=1762"},"modified":"2026-02-02T21:31:19","modified_gmt":"2026-02-03T02:31:19","slug":"artesania-y-cultura","status":"publish","type":"page","link":"https:\/\/wiratrips.com\/en\/artesania-y-cultura\/","title":{"rendered":"Crafts and Culture"},"content":{"rendered":"<div class=\"wp-block-uagb-container uagb-block-uivld6e4 alignfull uagb-is-root-container\">\n<div class=\"wp-block-uagb-info-box uagb-block-dtofxu3j uagb-infobox__content-wrap  uagb-infobox-icon-above-title uagb-infobox-image-valign-top\"><div class=\"uagb-ifb-content\"><div class=\"uagb-ifb-title-wrap\"><h1 class=\"uagb-ifb-title\">Crafts and Culture in Cusco: A Living Heritage<\/h1><\/div><\/div><\/div>\n<\/div>\n\n\n\n<div class=\"wp-block-uagb-container uagb-block-76c0ab6d alignfull uagb-is-root-container\"><div class=\"uagb-container-inner-blocks-wrap\">\n<div class=\"wp-block-uagb-info-box uagb-block-732b1dd0 uagb-infobox__content-wrap  uagb-infobox-icon-above-title uagb-infobox-image-valign-top\"><div class=\"uagb-ifb-content\"><div class=\"uagb-ifb-title-wrap\"><\/div><p class=\"uagb-ifb-desc\">Cusco is the historic capital of Peru and a vibrant center of Andean culture and art. Here, tradition is woven by hand, carved in stone, and celebrated on every street corner.<\/p><\/div><\/div>\n\n\n\n<div class=\"wp-block-columns has-background is-layout-flex wp-container-core-columns-is-layout-28f84493 wp-block-columns-is-layout-flex\" style=\"border-style:none;border-width:0px;border-top-left-radius:10px;border-top-right-radius:10px;border-bottom-left-radius:10px;border-bottom-right-radius:10px;background-color:#5ebe6d\">\n<div class=\"wp-block-column is-layout-flow wp-block-column-is-layout-flow\" style=\"flex-basis:100%\">\n<div class=\"wp-block-uagb-advanced-heading uagb-block-52c96db6\"><h2 class=\"uagb-heading-text\">Post Recomendados<\/h2><\/div>\n<\/div>\n<\/div>\n\n\n\n<div class=\"wp-block-uagb-slider uagb-block-c191b0e8 uagb-slider-container\"><div class=\"uagb-slides uagb-swiper\"><div class=\"swiper-wrapper\">\n<div class=\"wp-block-uagb-slider-child uagb-slider-child-wrap swiper-slide uagb-block-2c6e52ef\"><div class=\"swiper-content\">\n<div class=\"wp-block-uagb-container uagb-block-1500d984 alignfull uagb-is-root-container\"><div class=\"uagb-container-inner-blocks-wrap\">\n<div class=\"wp-block-uagb-info-box uagb-block-7c0b04b2 uagb-infobox__content-wrap  uagb-infobox-icon-left uagb-infobox-left uagb-infobox-stacked-tablet uagb-infobox-image-valign-middle\"><div class=\"uagb-ifb-image-content\"><img decoding=\"async\" src=\"https:\/\/wiratrips.com\/wp-content\/uploads\/2026\/02\/senor-de-los-temblores-portada-1024x683.png\" alt=\"se\u00f1or de los temblores en lunes santo de la semana santa procesi\u00f3n del taytacha de los temblores\" width=\"260\" height=\"173\" loading=\"lazy\"\/><\/div><div class=\"uagb-ifb-content\"><div class=\"uagb-ifb-title-wrap\"><span class=\"uagb-ifb-title-prefix\">Saints of Cuzco<\/span><h3 class=\"uagb-ifb-title\">Lord of the Earthquakes: Patron Saint of Cusco<\/h3><\/div><p class=\"uagb-ifb-desc\">Descubre la historia del Se\u00f1or de los Temblores, el Taytacha que protege Cusco. Conoce el origen, milagros y sincretismo en esta devoci\u00f3n \u00fanica.<\/p><div class=\"uagb-ifb-button-wrapper wp-block-button\"><a href=\"https:\/\/wiratrips.com\/en\/senor-de-los-temblores\/\" class=\"uagb-infobox-cta-link wp-block-button__link\" target=\"_self\" rel=\"noopener noreferrer\" onclick=\"return true;\"><span class=\"uagb-inline-editing\">See more<\/span><svg xmlns=\"https:\/\/www.w3.org\/2000\/svg\" viewbox=\"0 0 448 512\"><path d=\"M438.6 278.6l-160 160C272.4 444.9 264.2 448 256 448s-16.38-3.125-22.62-9.375c-12.5-12.5-12.5-32.75 0-45.25L338.8 288H32C14.33 288 .0016 273.7 .0016 256S14.33 224 32 224h306.8l-105.4-105.4c-12.5-12.5-12.5-32.75 0-45.25s32.75-12.5 45.25 0l160 160C451.1 245.9 451.1 266.1 438.6 278.6z\"><\/path><\/svg><\/a><\/div><\/div><\/div>\n<\/div><\/div>\n<\/div><\/div>\n\n\n\n<div class=\"wp-block-uagb-slider-child uagb-slider-child-wrap swiper-slide uagb-block-f8d165a3\"><div class=\"swiper-content\">\n<div class=\"wp-block-uagb-container uagb-block-2b4a8d64 alignfull uagb-is-root-container\"><div class=\"uagb-container-inner-blocks-wrap\">\n<div class=\"wp-block-uagb-info-box uagb-block-9fcdf90c uagb-infobox__content-wrap  uagb-infobox-icon-left uagb-infobox-left uagb-infobox-stacked-tablet uagb-infobox-image-valign-middle\"><div class=\"uagb-ifb-image-content\"><img decoding=\"async\" src=\"https:\/\/wiratrips.com\/wp-content\/uploads\/2025\/08\/tres-mundos-andinos-wiratrips-cebonce-create-1024x683.png\" alt=\"imagen representativa de los tres mundo andinos, hanan pacha, kay pacha y uku pacha\" width=\"260\" height=\"173\" loading=\"lazy\"\/><\/div><div class=\"uagb-ifb-content\"><div class=\"uagb-ifb-title-wrap\"><span class=\"uagb-ifb-title-prefix\">Andean worldview<\/span><h3 class=\"uagb-ifb-title\">Los tres Mundos Andinos: Una visi\u00f3n sagrada del Mundo<\/h3><\/div><p class=\"uagb-ifb-desc\">Conoce el significado de Los Tres Mundos Andinos: Hanan Pacha, Kay Pacha y Ukhu Pacha, y c\u00f3mo cada uno impacta nuestra existencia y conexi\u00f3n con el cosmos.<\/p><div class=\"uagb-ifb-button-wrapper wp-block-button\"><a href=\"https:\/\/wiratrips.com\/en\/tres-mundos-andinos\/\" class=\"uagb-infobox-cta-link wp-block-button__link\" target=\"_self\" rel=\"noopener noreferrer\" onclick=\"return true;\"><span class=\"uagb-inline-editing\">See more<\/span><svg xmlns=\"https:\/\/www.w3.org\/2000\/svg\" viewbox=\"0 0 448 512\"><path d=\"M438.6 278.6l-160 160C272.4 444.9 264.2 448 256 448s-16.38-3.125-22.62-9.375c-12.5-12.5-12.5-32.75 0-45.25L338.8 288H32C14.33 288 .0016 273.7 .0016 256S14.33 224 32 224h306.8l-105.4-105.4c-12.5-12.5-12.5-32.75 0-45.25s32.75-12.5 45.25 0l160 160C451.1 245.9 451.1 266.1 438.6 278.6z\"><\/path><\/svg><\/a><\/div><\/div><\/div>\n<\/div><\/div>\n<\/div><\/div>\n<\/div><\/div><\/div>\n<\/div><\/div>\n\n\n\n<div class=\"wp-block-uagb-container uagb-block-0f979041 alignfull uagb-is-root-container\"><div class=\"uagb-container-inner-blocks-wrap\">\n<div class=\"wp-block-columns has-background is-layout-flex wp-container-core-columns-is-layout-28f84493 wp-block-columns-is-layout-flex\" style=\"border-style:none;border-width:0px;border-top-left-radius:10px;border-top-right-radius:10px;border-bottom-left-radius:10px;border-bottom-right-radius:10px;background-color:#5ebe6d\">\n<div class=\"wp-block-column is-layout-flow wp-block-column-is-layout-flow\" style=\"flex-basis:100%\">\n<div class=\"wp-block-uagb-advanced-heading uagb-block-706d932c\"><h2 class=\"uagb-heading-text\"><a href=\"https:\/\/wiratrips.com\/en\/category\/artesania-y-cultura\/tradiciones-cusquenas\/\" title=\"Tours to Do\">Cusco Traditions<\/a><\/h2><\/div>\n<\/div>\n<\/div>\n\n\n\n<div class=\"wp-block-columns is-layout-flex wp-container-core-columns-is-layout-28f84493 wp-block-columns-is-layout-flex\">\n<div class=\"wp-block-column is-layout-flow wp-block-column-is-layout-flow\">\n<div class=\"wp-block-uagb-image aligncenter uagb-block-ce1a6895 wp-block-uagb-image--layout-overlay wp-block-uagb-image--effect-zoomin wp-block-uagb-image--align-center\"><figure class=\"wp-block-uagb-image__figure\"><a class=\"\" href=\"https:\/\/wiratrips.com\/en\/category\/artesania-y-cultura\/tradiciones-cusquenas\/festividades-cusquenas\/\" target=\"\" rel=\"noopener\"><img decoding=\"async\" srcset=\"https:\/\/wiratrips.com\/wp-content\/uploads\/2026\/02\/senor-de-los-temblores-portada-1024x683.png ,https:\/\/wiratrips.com\/wp-content\/uploads\/2026\/02\/senor-de-los-temblores-portada.png 780w, https:\/\/wiratrips.com\/wp-content\/uploads\/2026\/02\/senor-de-los-temblores-portada.png 360w\" sizes=\"auto, (max-width: 480px) 150px\" src=\"https:\/\/wiratrips.com\/wp-content\/uploads\/2026\/02\/senor-de-los-temblores-portada-1024x683.png\" alt=\"se\u00f1or de los temblores en lunes santo de la semana santa procesi\u00f3n del taytacha de los temblores\" class=\"uag-image-3635\" width=\"1024\" height=\"683\" title=\"se\u00f1or-de-los-temblores-portada\" loading=\"lazy\" role=\"img\"\/><\/a><div class=\"wp-block-uagb-image--layout-overlay__color-wrapper\"><\/div><div class=\"wp-block-uagb-image--layout-overlay__inner center-center\"><a class=\"wp-block-uagb-image--layout-overlay-link\" href=\"https:\/\/wiratrips.com\/en\/category\/artesania-y-cultura\/tradiciones-cusquenas\/festividades-cusquenas\/\" target=\"\" rel=\"noopener\"><\/a><h2 class=\"uagb-image-heading\">Cusco festivities<\/h2><figcaption class=\"uagb-image-caption\">Celebraciones dentro del calendario cusque\u00f1o<\/figcaption><\/div><\/figure><\/div>\n<\/div>\n\n\n\n<div class=\"wp-block-column is-layout-flow wp-block-column-is-layout-flow\">\n<div class=\"wp-block-uagb-image aligncenter uagb-block-dd3ac85e wp-block-uagb-image--layout-overlay wp-block-uagb-image--effect-zoomin wp-block-uagb-image--align-center\"><figure class=\"wp-block-uagb-image__figure\"><a class=\"\" href=\"https:\/\/wiratrips.com\/en\/category\/artesania-y-cultura\/tradiciones-cusquenas\/santos-del-cusco\/\" target=\"\" rel=\"noopener\"><img decoding=\"async\" srcset=\"https:\/\/wiratrips.com\/wp-content\/uploads\/2026\/02\/patron-san-sebastian-portada-1024x683.png ,https:\/\/wiratrips.com\/wp-content\/uploads\/2026\/02\/patron-san-sebastian-portada.png 780w, https:\/\/wiratrips.com\/wp-content\/uploads\/2026\/02\/patron-san-sebastian-portada.png 360w\" sizes=\"auto, (max-width: 480px) 150px\" src=\"https:\/\/wiratrips.com\/wp-content\/uploads\/2026\/02\/patron-san-sebastian-portada-1024x683.png\" alt=\"\" class=\"uag-image-3643\" width=\"1024\" height=\"687\" title=\"patron-san-sebastian-portada\" loading=\"lazy\" role=\"img\"\/><\/a><div class=\"wp-block-uagb-image--layout-overlay__color-wrapper\"><\/div><div class=\"wp-block-uagb-image--layout-overlay__inner center-center\"><a class=\"wp-block-uagb-image--layout-overlay-link\" href=\"https:\/\/wiratrips.com\/en\/category\/artesania-y-cultura\/tradiciones-cusquenas\/santos-del-cusco\/\" target=\"\" rel=\"noopener\"><\/a><h2 class=\"uagb-image-heading\">Saints of Cuzco<\/h2><figcaption class=\"uagb-image-caption\">Devoci\u00f3n y tradici\u00f3n en su f\u00e9<\/figcaption><\/div><\/figure><\/div>\n<\/div>\n\n\n\n<div class=\"wp-block-column is-layout-flow wp-block-column-is-layout-flow\">\n<div class=\"wp-block-uagb-image aligncenter uagb-block-bd4f4fb0 wp-block-uagb-image--layout-overlay wp-block-uagb-image--effect-zoomin wp-block-uagb-image--align-center uag-hide-desktop uag-hide-tab uag-hide-mob\"><figure class=\"wp-block-uagb-image__figure\"><a class=\"\" href=\"https:\/\/wiratrips.com\/en\/hexagon\/\" target=\"\" rel=\"noopener\"><img decoding=\"async\" srcset=\"https:\/\/wiratrips.com\/wp-content\/uploads\/2026\/01\/chumbivilca-baile-wiratrips-cebonce-create-1024x683.webp ,https:\/\/wiratrips.com\/wp-content\/uploads\/2026\/01\/chumbivilca-baile-wiratrips-cebonce-create.webp 780w, https:\/\/wiratrips.com\/wp-content\/uploads\/2026\/01\/chumbivilca-baile-wiratrips-cebonce-create.webp 360w\" sizes=\"auto, (max-width: 480px) 150px\" src=\"https:\/\/wiratrips.com\/wp-content\/uploads\/2026\/01\/chumbivilca-baile-wiratrips-cebonce-create-1024x683.webp\" alt=\"chumbivilca danza\" class=\"uag-image-3505\" width=\"1024\" height=\"683\" title=\"chumbivilca-baile-wiratrips-cebonce-create\" loading=\"lazy\" role=\"img\"\/><\/a><div class=\"wp-block-uagb-image--layout-overlay__color-wrapper\"><\/div><div class=\"wp-block-uagb-image--layout-overlay__inner center-center\"><a class=\"wp-block-uagb-image--layout-overlay-link\" href=\"https:\/\/wiratrips.com\/en\/hexagon\/\" target=\"\" rel=\"noopener\"><\/a><h2 class=\"uagb-image-heading\">Danzas Representativas<\/h2><figcaption class=\"uagb-image-caption\">Expresiones andinas llenas de vida<\/figcaption><\/div><\/figure><\/div>\n<\/div>\n<\/div>\n<\/div><\/div>\n\n\n\n<div class=\"wp-block-uagb-container uagb-block-f0841da5 alignfull uagb-is-root-container\"><div class=\"uagb-container-inner-blocks-wrap\">\n<div class=\"wp-block-columns has-background is-layout-flex wp-container-core-columns-is-layout-28f84493 wp-block-columns-is-layout-flex\" style=\"border-style:none;border-width:0px;border-top-left-radius:10px;border-top-right-radius:10px;border-bottom-left-radius:10px;border-bottom-right-radius:10px;background-color:#5ebe6d\">\n<div class=\"wp-block-column is-layout-flow wp-block-column-is-layout-flow\" style=\"flex-basis:80%\">\n<div class=\"wp-block-uagb-advanced-heading uagb-block-56c7298b\"><h2 class=\"uagb-heading-text\"><a href=\"https:\/\/wiratrips.com\/en\/category\/que-hacer-en-cusco\/tours-por-hacer\/\" title=\"Tours to Do\">Andean worldview<\/a><\/h2><\/div>\n<\/div>\n\n\n\n<div class=\"wp-block-column is-layout-flow wp-block-column-is-layout-flow\" style=\"flex-basis:20%\">\n<div class=\"wp-block-uagb-buttons uagb-buttons__outer-wrap uagb-btn__default-btn uagb-btn-tablet__default-btn uagb-btn-mobile__default-btn uagb-block-12ec69ff\"><div class=\"uagb-buttons__wrap uagb-buttons-layout-wrap\">\n<div class=\"wp-block-uagb-buttons-child uagb-buttons__outer-wrap uagb-block-6e848978 wp-block-button\"><div class=\"uagb-button__wrapper\"><a class=\"uagb-buttons-repeater wp-block-button__link\" aria-label=\"\" href=\"https:\/\/wiratrips.com\/en\/category\/artesania-y-cultura\/cosmovision-andina\/\" rel=\"follow noopener\" target=\"_self\" role=\"button\"><div class=\"uagb-button__link\">See more<\/div><span class=\"uagb-button__icon uagb-button__icon-position-after\"><svg xmlns=\"https:\/\/www.w3.org\/2000\/svg\" viewbox=\"0 0 512 512\" aria-hidden=\"true\" focussable=\"false\"><path d=\"M160 416H96c-17.67 0-32-14.33-32-32V128c0-17.67 14.33-32 32-32h64c17.67 0 32-14.33 32-32S177.7 32 160 32H96C42.98 32 0 74.98 0 128v256c0 53.02 42.98 96 96 96h64c17.67 0 32-14.33 32-32S177.7 416 160 416zM502.6 233.4l-128-128c-12.51-12.51-32.76-12.49-45.25 0c-12.5 12.5-12.5 32.75 0 45.25L402.8 224H192C174.3 224 160 238.3 160 256s14.31 32 32 32h210.8l-73.38 73.38c-12.5 12.5-12.5 32.75 0 45.25s32.75 12.5 45.25 0l128-128C515.1 266.1 515.1 245.9 502.6 233.4z\"><\/path><\/svg><\/span><\/a><\/div><\/div>\n<\/div><\/div>\n<\/div>\n<\/div>\n\n\n\n<div class=\"wp-block-columns is-layout-flex wp-container-core-columns-is-layout-28f84493 wp-block-columns-is-layout-flex\">\n<div class=\"wp-block-column is-layout-flow wp-block-column-is-layout-flow\">\n<div class=\"wp-block-uagb-image aligncenter uagb-block-950298ae wp-block-uagb-image--layout-overlay wp-block-uagb-image--effect-zoomin wp-block-uagb-image--align-center\"><figure class=\"wp-block-uagb-image__figure\"><a class=\"\" href=\"https:\/\/wiratrips.com\/en\/tres-mundos-andinos\/\" target=\"\" rel=\"noopener\"><img decoding=\"async\" srcset=\"https:\/\/wiratrips.com\/wp-content\/uploads\/2025\/08\/tres-mundos-andinos-wiratrips-cebonce-create-1024x683.png ,https:\/\/wiratrips.com\/wp-content\/uploads\/2025\/08\/tres-mundos-andinos-wiratrips-cebonce-create.png 780w, https:\/\/wiratrips.com\/wp-content\/uploads\/2025\/08\/tres-mundos-andinos-wiratrips-cebonce-create.png 360w\" sizes=\"auto, (max-width: 480px) 150px\" src=\"https:\/\/wiratrips.com\/wp-content\/uploads\/2025\/08\/tres-mundos-andinos-wiratrips-cebonce-create-1024x683.png\" alt=\"imagen representativa de los tres mundo andinos, hanan pacha, kay pacha y uku pacha\" class=\"uag-image-2408\" width=\"1024\" height=\"683\" title=\"tres-mundos-andinos-wiratrips-cebonce-create\" loading=\"lazy\" role=\"img\"\/><\/a><div class=\"wp-block-uagb-image--layout-overlay__color-wrapper\"><\/div><div class=\"wp-block-uagb-image--layout-overlay__inner center-center\"><a class=\"wp-block-uagb-image--layout-overlay-link\" href=\"https:\/\/wiratrips.com\/en\/tres-mundos-andinos\/\" target=\"\" rel=\"noopener\"><\/a><h2 class=\"uagb-image-heading\">Los tres Mundos Andinos<\/h2><figcaption class=\"uagb-image-caption\">Una visi\u00f3n sagrada del Mundo<\/figcaption><\/div><\/figure><\/div>\n<\/div>\n\n\n\n<div class=\"wp-block-column is-layout-flow wp-block-column-is-layout-flow\">\n<div class=\"wp-block-uagb-image aligncenter uagb-block-9a9b50c4 wp-block-uagb-image--layout-overlay wp-block-uagb-image--effect-zoomin wp-block-uagb-image--align-center\"><figure class=\"wp-block-uagb-image__figure\"><a class=\"\" href=\"https:\/\/wiratrips.com\/en\/pachamama-madre-tierra-andina\/\" target=\"\" rel=\"noopener\"><img decoding=\"async\" srcset=\"https:\/\/wiratrips.com\/wp-content\/uploads\/2025\/07\/pachamama-wiratrips-cebonce-create-1024x683.png ,https:\/\/wiratrips.com\/wp-content\/uploads\/2025\/07\/pachamama-wiratrips-cebonce-create.png 780w, https:\/\/wiratrips.com\/wp-content\/uploads\/2025\/07\/pachamama-wiratrips-cebonce-create.png 360w\" sizes=\"auto, (max-width: 480px) 150px\" src=\"https:\/\/wiratrips.com\/wp-content\/uploads\/2025\/07\/pachamama-wiratrips-cebonce-create-1024x683.png\" alt=\"imagen representativa de la pachamama\" class=\"uag-image-2389\" width=\"1024\" height=\"683\" title=\"pachamama-wiratrips-cebonce-create\" loading=\"lazy\" role=\"img\"\/><\/a><div class=\"wp-block-uagb-image--layout-overlay__color-wrapper\"><\/div><div class=\"wp-block-uagb-image--layout-overlay__inner center-center\"><a class=\"wp-block-uagb-image--layout-overlay-link\" href=\"https:\/\/wiratrips.com\/en\/pachamama-madre-tierra-andina\/\" target=\"\" rel=\"noopener\"><\/a><h2 class=\"uagb-image-heading\">Pachamama<\/h2><figcaption class=\"uagb-image-caption\">Mother Earth and the spirit of the Andean world<\/figcaption><\/div><\/figure><\/div>\n<\/div>\n\n\n\n<div class=\"wp-block-column is-layout-flow wp-block-column-is-layout-flow\">\n<div class=\"wp-block-uagb-image aligncenter uagb-block-93ab0c6b wp-block-uagb-image--layout-overlay wp-block-uagb-image--effect-zoomin wp-block-uagb-image--align-center\"><figure class=\"wp-block-uagb-image__figure\"><a class=\"\" href=\"https:\/\/wiratrips.com\/en\/leyenda-de-los-hermanos-ayar\/\" target=\"\" rel=\"noopener\"><img decoding=\"async\" srcset=\"https:\/\/wiratrips.com\/wp-content\/uploads\/2025\/08\/hermanos-ayar-wiratrips-cebonce-create-1-1024x683.png ,https:\/\/wiratrips.com\/wp-content\/uploads\/2025\/08\/hermanos-ayar-wiratrips-cebonce-create-1.png 780w, https:\/\/wiratrips.com\/wp-content\/uploads\/2025\/08\/hermanos-ayar-wiratrips-cebonce-create-1.png 360w\" sizes=\"auto, (max-width: 480px) 150px\" src=\"https:\/\/wiratrips.com\/wp-content\/uploads\/2025\/08\/hermanos-ayar-wiratrips-cebonce-create-1-1024x683.png\" alt=\"imagen art\u00edsitca y simb\u00f3lica que represente a **los hermanos ayar**, personajes centrales en una leyenda inca que narra la fundaci\u00f3n del Cusco y el Imperio Inca (Tahuantinsuyo). En un Gran Plano General mostrando alrededores una cordillera andina majestuosa con monta\u00f1as nevadas, iluminadas por el sol andino. Agrega elementos como c\u00f3ndores volando en lo alto, rayos de luz descendiendo desde el cielo, un puma bajando estas cordilleras y serpientes desliz\u00e1ndose alrededor de piedras. En la zona de la base incluye a los hermanos ayar (Ayar Manco, Ayar Auca, Ayar Uchu y Ayar Manco) vestidos con indumentarias incas, caminando en direcci\u00f3n a las monta\u00f1as.\" class=\"uag-image-2507\" width=\"1024\" height=\"683\" title=\"hermanos-ayar-wiratrips-cebonce-create\" loading=\"lazy\" role=\"img\"\/><\/a><div class=\"wp-block-uagb-image--layout-overlay__color-wrapper\"><\/div><div class=\"wp-block-uagb-image--layout-overlay__inner center-center\"><a class=\"wp-block-uagb-image--layout-overlay-link\" href=\"https:\/\/wiratrips.com\/en\/leyenda-de-los-hermanos-ayar\/\" target=\"\" rel=\"noopener\"><\/a><h2 class=\"uagb-image-heading\">La leyenda de los Hermanos Ayar<\/h2><figcaption class=\"uagb-image-caption\">Founding of the Inca Empire<\/figcaption><\/div><\/figure><\/div>\n<\/div>\n<\/div>\n<\/div><\/div>\n\n\n\n<div class=\"wp-block-uagb-container uagb-layout-grid uagb-block-8stjnoej alignfull uagb-is-root-container\">\n<div class=\"wp-block-uagb-info-box uagb-block-ap2gxtsh uagb-infobox__content-wrap  uagb-infobox-icon-above-title uagb-infobox-image-valign-top\"><div class=\"uagb-ifb-content\"><div class=\"uagb-ifb-title-wrap\"><h3 class=\"uagb-ifb-title\">Esperamos que esta gu\u00eda te ayude a disfrutar al m\u00e1ximo la cultura y tradici\u00f3n de Cusco. \ud83e\udd17<\/h3><\/div><p class=\"uagb-ifb-desc\">Do you have any favorite places or facts we should include? \ud83e\udd14 <strong>Write to us!<\/strong><\/p><\/div><\/div>\n\n\n\n<div class=\"wp-block-uagb-buttons uagb-buttons__outer-wrap uagb-btn__default-btn uagb-btn-tablet__default-btn uagb-btn-mobile__default-btn uagb-block-f05aacd1\"><div class=\"uagb-buttons__wrap uagb-buttons-layout-wrap\">\n<div class=\"wp-block-uagb-buttons-child uagb-buttons__outer-wrap uagb-block-4ad00177 wp-block-button\"><div class=\"uagb-button__wrapper\"><a class=\"uagb-buttons-repeater wp-block-button__link\" aria-label=\"\" href=\"https:\/\/wiratrips.com\/en\/contacto\/\" rel=\"follow noopener\" target=\"_self\" role=\"button\"><div class=\"uagb-button__link\">Contact<\/div><\/a><\/div><\/div>\n<\/div><\/div>\n<\/div>","protected":false},"excerpt":{"rendered":"<p>Post Recomendados Tradiciones Cusque\u00f1as Cosmovisi\u00f3n Andina<\/p>","protected":false},"author":1,"featured_media":0,"parent":0,"menu_order":0,"comment_status":"closed","ping_status":"closed","template":"","meta":{"_uag_custom_page_level_css":"","site-sidebar-layout":"default","site-content-layout":"","ast-site-content-layout":"default","site-content-style":"default","site-sidebar-style":"default","ast-global-header-display":"","ast-banner-title-visibility":"","ast-main-header-display":"","ast-hfb-above-header-display":"","ast-hfb-below-header-display":"","ast-hfb-mobile-header-display":"","site-post-title":"disabled","ast-breadcrumbs-content":"","ast-featured-img":"","footer-sml-layout":"","ast-disable-related-posts":"","theme-transparent-header-meta":"","adv-header-id-meta":"","stick-header-meta":"","header-above-stick-meta":"","header-main-stick-meta":"","header-below-stick-meta":"","astra-migrate-meta-layouts":"set","ast-page-background-enabled":"default","ast-page-background-meta":{"desktop":{"background-color":"","background-image":"","background-repeat":"repeat","background-position":"center center","background-size":"auto","background-attachment":"scroll","background-type":"","background-media":"","overlay-type":"","overlay-color":"","overlay-opacity":"","overlay-gradient":""},"tablet":{"background-color":"","background-image":"","background-repeat":"repeat","background-position":"center center","background-size":"auto","background-attachment":"scroll","background-type":"","background-media":"","overlay-type":"","overlay-color":"","overlay-opacity":"","overlay-gradient":""},"mobile":{"background-color":"","background-image":"","background-repeat":"repeat","background-position":"center center","background-size":"auto","background-attachment":"scroll","background-type":"","background-media":"","overlay-type":"","overlay-color":"","overlay-opacity":"","overlay-gradient":""}},"ast-content-background-meta":{"desktop":{"background-color":"var(--ast-global-color-5)","background-image":"","background-repeat":"repeat","background-position":"center center","background-size":"auto","background-attachment":"scroll","background-type":"","background-media":"","overlay-type":"","overlay-color":"","overlay-opacity":"","overlay-gradient":""},"tablet":{"background-color":"var(--ast-global-color-5)","background-image":"","background-repeat":"repeat","background-position":"center center","background-size":"auto","background-attachment":"scroll","background-type":"","background-media":"","overlay-type":"","overlay-color":"","overlay-opacity":"","overlay-gradient":""},"mobile":{"background-color":"var(--ast-global-color-5)","background-image":"","background-repeat":"repeat","background-position":"center center","background-size":"auto","background-attachment":"scroll","background-type":"","background-media":"","overlay-type":"","overlay-color":"","overlay-opacity":"","overlay-gradient":""}},"footnotes":""},"class_list":["post-1762","page","type-page","status-publish","hentry"],"aioseo_notices":[],"uagb_featured_image_src":{"full":false,"thumbnail":false,"medium":false,"medium_large":false,"large":false,"1536x1536":false,"2048x2048":false,"trp-custom-language-flag":false},"uagb_author_info":{"display_name":"wiratrips@gmail.com","author_link":"https:\/\/wiratrips.com\/en\/author\/wiratripsgmail-com\/"},"uagb_comment_info":0,"uagb_excerpt":"Post Recomendados Tradiciones Cusque\u00f1as Cosmovisi\u00f3n Andina","_links":{"self":[{"href":"https:\/\/wiratrips.com\/en\/wp-json\/wp\/v2\/pages\/1762","targetHints":{"allow":["GET"]}}],"collection":[{"href":"https:\/\/wiratrips.com\/en\/wp-json\/wp\/v2\/pages"}],"about":[{"href":"https:\/\/wiratrips.com\/en\/wp-json\/wp\/v2\/types\/page"}],"author":[{"embeddable":true,"href":"https:\/\/wiratrips.com\/en\/wp-json\/wp\/v2\/users\/1"}],"replies":[{"embeddable":true,"href":"https:\/\/wiratrips.com\/en\/wp-json\/wp\/v2\/comments?post=1762"}],"version-history":[{"count":31,"href":"https:\/\/wiratrips.com\/en\/wp-json\/wp\/v2\/pages\/1762\/revisions"}],"predecessor-version":[{"id":3650,"href":"https:\/\/wiratrips.com\/en\/wp-json\/wp\/v2\/pages\/1762\/revisions\/3650"}],"wp:attachment":[{"href":"https:\/\/wiratrips.com\/en\/wp-json\/wp\/v2\/media?parent=1762"}],"curies":[{"name":"wp","href":"https:\/\/api.w.org\/{rel}","templated":true}]}}